{"id":182,"date":"2021-10-20T16:09:02","date_gmt":"2021-10-20T14:09:02","guid":{"rendered":"https:\/\/cloudcuckoolandlab.art\/?page_id=182"},"modified":"2025-03-28T19:36:52","modified_gmt":"2025-03-28T17:36:52","slug":"about-us","status":"publish","type":"page","link":"https:\/\/www.cloudcuckoolandlab.art\/en\/","title":{"rendered":"About"},"content":{"rendered":"\t\t<div data-elementor-type=\"wp-page\" data-elementor-id=\"182\" class=\"elementor elementor-182\" data-elementor-post-type=\"page\">\n\t\t\t\t\t\t<section class=\"elementor-section elementor-top-section elementor-element elementor-element-5e5bc10d elementor-section-boxed elementor-section-height-default elementor-section-height-default\" data-id=\"5e5bc10d\" data-element_type=\"section\" data-e-type=\"section\">\n\t\t\t\t\t\t<div class=\"elementor-container elementor-column-gap-no\">\n\t\t\t\t\t<div class=\"elementor-column elementor-col-100 elementor-top-column elementor-element elementor-element-84ca75e\" data-id=\"84ca75e\" data-element_type=\"column\" data-e-type=\"column\">\n\t\t\t<div class=\"elementor-widget-wrap elementor-element-populated\">\n\t\t\t\t\t\t<div class=\"elementor-element elementor-element-20c705e7 elementor-widget elementor-widget-text-editor\" data-id=\"20c705e7\" data-element_type=\"widget\" data-e-type=\"widget\" data-widget_type=\"text-editor.default\">\n\t\t\t\t<div class=\"elementor-widget-container\">\n\t\t\t\t\t\t\t\t\t<div class=\"page\" title=\"Page 1\">\n<div class=\"layoutArea\">\n<div class=\"column\">\n<p>YOU ARE HERE: @\/\/\/wolken.kuckucks.heim&nbsp;ist ein interaktives und immersives Ausstellungskonzept f\u00fcr Fotografie mit eigens daf\u00fcr komponierten Soundscapes, da\u00df das Kunsterlebnis des Besuchers in den Mittelpunkt stellt. Es ist in der Bandbreite seiner vielf\u00e4ltigen Facetten [r]evolution\u00e4r und neuartig. Eine Ausstellung ist in Gr\u00f6\u00dfe und Geometrie skalierbar und kann aus derzeit zwei fertig realisierten Themen- und Bilderwelten gestaltet werden.&nbsp;<\/p>\n<p>Ausgangspunkt einer Ausstellung sind Fotografien und\/oder Videografien in Gr\u00f6\u00dfen bis zu 4&#215;6 Metern, die jedoch anders als in Fotoausstellungen f\u00fcr gew\u00f6hnlich \u00fcblich, nicht Bild neben Bild im Ausstellungsraum h\u00e4ngen. F\u00fcr die ausgew\u00e4hlten Arbeiten wird eine Art Parcours entwickelt, der jede Arbeit so inszeniert und so exponiert pr\u00e4sentiert, dass der Betrachter ohne visuelle Ablenkung in das jeweilige Werk eintauchen kann. Hierzu k\u00f6nnen wir, gemeinsam mit Kurator*innen, aus derzeit \u00fcber 350 realisierten Arbeiten aus 2 Werkgruppen eine Auswahl vornehmen und eine Dramaturgie entwickeln, die die Kraft hat den Betrachter, \u00fcber die Auseinandersetzung mit den in den Arbeiten gezeigten Inhalten hinaus, mit sich selbst und seiner Umwelt in Kontakt kommen zu lassen.&nbsp;<\/p>\n<p><span style=\"color: #da0001;\"><a style=\"color: #da0001;\" href=\"https:\/\/www.highnoon.art\" target=\"_blank\" rel=\"noopener\"># 1. High Noon&nbsp;<\/a><\/span><\/p>\n<p>Fotografien aus Berlin, Dresden, Florenz, Frankfurt, Hamburg, London, Madrid, M\u00fcnchen, Rom, Venedig und anderen Orten unter Einfluss der Corona Pandemie, aufgenommen seit M\u00e4rz 2020&nbsp;<\/p>\n<p><span style=\"color: #339933;\"><a style=\"color: #339933;\" href=\"https:\/\/www.berge-wiesen-waelder.art\" target=\"_blank\" rel=\"noopener\"># 2. Berge, Wiesen und W\u00e4lder<\/a><\/span><\/p>\n<p>seit Januar 2019 in Deutschland, England, Frankreich, Island, \u00d6sterreich und der Schweiz realisierte gro\u00dfformatige Landschaftsaufnahmen&nbsp;<\/p>\n<p>Ausschlaggebend f\u00fcr das immersive Erlebnis und den Impact auf den Betrachter ist dabei, dass wir nicht nur in der Lage sind Kl\u00e4nge, in 3d Audio, interaktiv dem jeweiligen Standort des Betrachters im Ausstellungsraum und seiner Blickrichtung entsprechend, in Echtzeit auf seinen Kopfh\u00f6rer zu streamen \u2013 mehr noch \u2013 wir k\u00f6nnen die Klangwelten dar\u00fcber hinaus auch k\u00f6rperlich sp\u00fcrbar machen.&nbsp;<\/p>\n<p>So erh\u00e4lt der Ausstellungsbesucher neben dem visuellen und akustischen Erlebnis zus\u00e4tzlich, ein generell angenehmes, mal ber\u00fchrendes, mal irritierendes taktiles Erlebnis hinzu. Das f\u00fchrt dazu, dass er das Erlebte nicht nur als \u00fcberraschend und neuartig empfindet, sondern es etwas bei ihm ausl\u00f6st, das in vielen F\u00e4llen den Focus nochmals f\u00fcr das Gesehene sch\u00e4rft oder es gar in Bewegung bringt. Letzteres sind keine Mutma\u00dfungen, sondern resultiert aus Erfahrungen, die wir in unserem Showroom\/LAB seit September 2019 in Pforzheim, mit unterschiedlichsten Personengruppen, gemacht haben.<\/p>\n<p>(Unterschiedlich beispielsweise hinsichtlich Alter, Bildung, Nationalit\u00e4t, Interesse oder Vorbildung in Bezug auf Kunst oder im Status der Nutzung digitaler Technik oder Medien)&nbsp;<\/p>\n<p>Wo wir anf\u00e4nglich noch planten, in unserem Showroom\/ LAB die Wirkung unserer Arbeiten auf den Betrachter zu beobachten, um daraus Schl\u00fcsse zu ziehen um die Immersion und den Impact zu optimieren, haben wir schon nach wenigen Begegnungen davon Abstand nehmen m\u00fcssen, als wir realisiert haben welch intime Momente unsere Arbeiten beim Betrachter ausl\u00f6sen k\u00f6nnen. Und &#8211; wie vielf\u00e4ltig, \u00fcberraschend und eben individuell unterschiedlich die Reaktionen darauf sein k\u00f6nnen. Was uns dabei so ungemein motiviert ist, dass bei der ganzen Bandbreite der aufgenommenen oder als Feedback ge\u00e4u\u00dferten Reaktionen und Emotionen, eines niemals zum Ausdruck kam \u2013 Gleichg\u00fcltigkeit.&nbsp;<\/p>\n<p>Der Grad der Interaktion durch den Besucher ist ebenso, wie die Anzahl der gezeigten Werkgruppen skalierbar &#8211;&nbsp;# 1 und # 2 &#8211;&nbsp;beide k\u00f6nnen f\u00fcr sich alleine stehen \u2013 beide k\u00f6nnen aber auch durch ein Verbindungsmodul, das wir den&nbsp;\u201eRaum des Unbehagens\u201c*&nbsp;nennen, miteinander verkn\u00fcpft werden und gehen so eine spannende Symbiose ein. Die erreichbare Interaktivit\u00e4t des Betrachters, kann in seiner Basisauslegung so beschrieben werden: Ortung des Besuchers im Ausstellungsraum auf 10 cm genau, bei gleichzeitiger Erfassung seiner Blickrichtung auf 1 Grad pr\u00e4zise und dementsprechendem parallelem Einspielen der Medien auf den Kopfh\u00f6rer und dem taktilen Ausgabeger\u00e4t.&nbsp;<\/p>\n<p>Wir sind aber heute bereits technisch in der Lage, das 3D Audio Erlebnis des Besuchers so zu definieren und skalieren, dass wir ihn sogar ein St\u00fcck weit zum Regisseur seines eigenen Erlebnisses in der Ausstellung machen k\u00f6nnen, ihm Einfluss auf das H\u00f6r- und F\u00fchlbare einr\u00e4umen. Hierzu k\u00f6nnen wir definieren, wie sich eine Soundscape vor einem Werk ver\u00e4ndern k\u00f6nnen soll &#8211; welchen Einfluss also Position und Blickrichtung z.B. auf Lautst\u00e4rke, und\/ oder akustische bzw. taktile Effekte haben \u2013 denn wir k\u00f6nnen das Tonspur f\u00fcr Tonspur frei definieren.<\/p>\n<p>Dies ist der Grund, weshalb wir Ausstellungen mit dem Begriff&nbsp;cloud.cuckoo.land LAB&nbsp;labeln. Jede Ausstellung wird individuell im Team mit den Ausrichtern designt &#8211; ein offener, nicht statischer Prozess in dem Besuchererfahrungen einflie\u00dfen und permanent weiter geforscht wird.<\/p>\n<p>Der Besucher nimmt von der ganzen technischen Komplexit\u00e4t und der eingesetzten Hightech nichts bewusst war \u2013 denn \u2013&nbsp;&nbsp;er bewegt sich nach kurzer Zeit bereits ganz selbstverst\u00e4ndlich, fast meditativ, auf einem von ihm fast schon als organisch wahrgenommenen Pfad und vergisst dabei nicht nur Zeit und Raum, sondern kann sofern er sich einl\u00e4sst vielleicht sogar Momente erleben, in denen er sich im Spiegelbild eines Werkes selbst erf\u00e4hrt.&nbsp;<\/p>\n<p>Das Zusammenspiel von visuellen, auditiven und taktilen Inhalten &#8211; bietet \u00fcber eine traditionell rationale und intellektuelle Rezeption hinaus &#8211; ein neuartiges, ganzheitliches, mehrsinniges, erf\u00fchl- und erlebbares, barrierefreies Kunsterlebnis. Zus\u00e4tzlich besteht die Chance \u00fcber Kunst- bzw. Fotografie interessierte hinaus, auch Musik begeisterte, Computerspiel interessierte, Technik affine zu adressieren und sich in gesellschaftlich und wirtschaftlich herausfordernden Zeiten neue Besuchergruppen zu erschlie\u00dfen.<\/p>\n<p>*Das Ausstellungsmodul&nbsp;Der Raum des Unbehagens&nbsp;thematisiert 7 gesellschaftliche Themen, mit denen wir w\u00e4hrend des Herstellungsprozesses zu&nbsp;YOU ARE HERE:@\/\/\/wolken.kuckucks.heim&nbsp;als B\u00fcrger und K\u00fcnstler konfrontiert wurden.<\/p>\n<h2 class=\"elementor-heading-title elementor-size-default elementor-inline-editing pen\" contenteditable=\"true\" data-elementor-setting-key=\"title\" data-pen-placeholder=\"Eingabe hier...\">&nbsp;<\/h2>\n<\/div>\n<\/div>\n<\/div>\t\t\t\t\t\t\t\t<\/div>\n\t\t\t\t<\/div>\n\t\t\t\t\t<\/div>\n\t\t<\/div>\n\t\t\t\t\t<\/div>\n\t\t<\/section>\n\t\t\t\t<section class=\"elementor-section elementor-top-section elementor-element elementor-element-7990ac1e elementor-section-boxed elementor-section-height-default elementor-section-height-default\" data-id=\"7990ac1e\" data-element_type=\"section\" data-e-type=\"section\">\n\t\t\t\t\t\t<div class=\"elementor-container elementor-column-gap-default\">\n\t\t\t\t\t<div class=\"elementor-column elementor-col-100 elementor-top-column elementor-element elementor-element-54330afa\" data-id=\"54330afa\" data-element_type=\"column\" data-e-type=\"column\">\n\t\t\t<div class=\"elementor-widget-wrap elementor-element-populated\">\n\t\t\t\t\t\t<div class=\"elementor-element elementor-element-5b58ba3 elementor-widget elementor-widget-text-editor\" data-id=\"5b58ba3\" data-element_type=\"widget\" data-e-type=\"widget\" data-widget_type=\"text-editor.default\">\n\t\t\t\t<div class=\"elementor-widget-container\">\n\t\t\t\t\t\t\t\t\t<p>Diese Webseite wurde mit viel Liebe zum Detail erstellt. Von <a href=\"https:\/\/www.marketingbrand.de\/\" target=\"_blank\" rel=\"noopener\">Marketing-Brand<\/a>.<\/p>\t\t\t\t\t\t\t\t<\/div>\n\t\t\t\t<\/div>\n\t\t\t\t\t<\/div>\n\t\t<\/div>\n\t\t\t\t\t<\/div>\n\t\t<\/section>\n\t\t\t\t<\/div>\n\t\t","protected":false},"excerpt":{"rendered":"<p>YOU ARE HERE: @\/\/\/wolken.kuckucks.heim&nbsp;ist ein interaktives und immersives Ausstellungskonzept f\u00fcr Fotografie mit eigens daf\u00fcr komponierten Soundscapes, da\u00df das Kunsterlebnis des Besuchers in den Mittelpunkt stellt. Es ist in der Bandbreite seiner vielf\u00e4ltigen Facetten [r]evolution\u00e4r und neuartig. Eine Ausstellung ist in Gr\u00f6\u00dfe und Geometrie skalierbar und kann aus derzeit zwei fertig realisierten Themen- und Bilderwelten gestaltet [&hellip;]<\/p>\n","protected":false},"author":1,"featured_media":0,"parent":0,"menu_order":0,"comment_status":"closed","ping_status":"closed","template":"","meta":{"footnotes":""},"class_list":["post-182","page","type-page","status-publish","hentry"],"yoast_head":"<!-- This site is optimized with the Yoast SEO plugin v27.6 - https:\/\/yoast.com\/product\/yoast-seo-wordpress\/ -->\n<title>About - Cloud Cuckooland<\/title>\n<meta name=\"robots\" content=\"index, follow, max-snippet:-1, max-image-preview:large, max-video-preview:-1\" \/>\n<link rel=\"canonical\" href=\"https:\/\/www.cloudcuckoolandlab.art\/en\/\" \/>\n<meta property=\"og:locale\" content=\"en_GB\" \/>\n<meta property=\"og:type\" content=\"article\" \/>\n<meta property=\"og:title\" content=\"About - Cloud Cuckooland\" \/>\n<meta property=\"og:description\" content=\"YOU ARE HERE: @\/\/\/wolken.kuckucks.heim&nbsp;ist ein interaktives und immersives Ausstellungskonzept f\u00fcr Fotografie mit eigens daf\u00fcr komponierten Soundscapes, da\u00df das Kunsterlebnis des Besuchers in den Mittelpunkt stellt. Es ist in der Bandbreite seiner vielf\u00e4ltigen Facetten [r]evolution\u00e4r und neuartig. Eine Ausstellung ist in Gr\u00f6\u00dfe und Geometrie skalierbar und kann aus derzeit zwei fertig realisierten Themen- und Bilderwelten gestaltet [&hellip;]\" \/>\n<meta property=\"og:url\" content=\"https:\/\/www.cloudcuckoolandlab.art\/en\/\" \/>\n<meta property=\"og:site_name\" content=\"Cloud Cuckooland\" \/>\n<meta property=\"article:modified_time\" content=\"2025-03-28T17:36:52+00:00\" \/>\n<meta name=\"twitter:card\" content=\"summary_large_image\" \/>\n<meta name=\"twitter:label1\" content=\"Estimated reading time\" \/>\n\t<meta name=\"twitter:data1\" content=\"5 minutes\" \/>\n<script type=\"application\/ld+json\" class=\"yoast-schema-graph\">{\"@context\":\"https:\\\/\\\/schema.org\",\"@graph\":[{\"@type\":\"WebPage\",\"@id\":\"https:\\\/\\\/www.cloudcuckoolandlab.art\\\/\",\"url\":\"https:\\\/\\\/www.cloudcuckoolandlab.art\\\/\",\"name\":\"About - Cloud Cuckooland\",\"isPartOf\":{\"@id\":\"https:\\\/\\\/www.cloudcuckoolandlab.art\\\/#website\"},\"datePublished\":\"2021-10-20T14:09:02+00:00\",\"dateModified\":\"2025-03-28T17:36:52+00:00\",\"breadcrumb\":{\"@id\":\"https:\\\/\\\/www.cloudcuckoolandlab.art\\\/#breadcrumb\"},\"inLanguage\":\"en-GB\",\"potentialAction\":[{\"@type\":\"ReadAction\",\"target\":[\"https:\\\/\\\/www.cloudcuckoolandlab.art\\\/\"]}]},{\"@type\":\"BreadcrumbList\",\"@id\":\"https:\\\/\\\/www.cloudcuckoolandlab.art\\\/#breadcrumb\",\"itemListElement\":[{\"@type\":\"ListItem\",\"position\":1,\"name\":\"Startseite\",\"item\":\"https:\\\/\\\/www.cloudcuckoolandlab.art\\\/\"},{\"@type\":\"ListItem\",\"position\":2,\"name\":\"About\"}]},{\"@type\":\"WebSite\",\"@id\":\"https:\\\/\\\/www.cloudcuckoolandlab.art\\\/#website\",\"url\":\"https:\\\/\\\/www.cloudcuckoolandlab.art\\\/\",\"name\":\"Cloud Cuckooland\",\"description\":\"\",\"publisher\":{\"@id\":\"https:\\\/\\\/www.cloudcuckoolandlab.art\\\/#organization\"},\"potentialAction\":[{\"@type\":\"SearchAction\",\"target\":{\"@type\":\"EntryPoint\",\"urlTemplate\":\"https:\\\/\\\/www.cloudcuckoolandlab.art\\\/?s={search_term_string}\"},\"query-input\":{\"@type\":\"PropertyValueSpecification\",\"valueRequired\":true,\"valueName\":\"search_term_string\"}}],\"inLanguage\":\"en-GB\"},{\"@type\":\"Organization\",\"@id\":\"https:\\\/\\\/www.cloudcuckoolandlab.art\\\/#organization\",\"name\":\"Cloud Cuckooland\",\"url\":\"https:\\\/\\\/www.cloudcuckoolandlab.art\\\/\",\"logo\":{\"@type\":\"ImageObject\",\"inLanguage\":\"en-GB\",\"@id\":\"https:\\\/\\\/www.cloudcuckoolandlab.art\\\/#\\\/schema\\\/logo\\\/image\\\/\",\"url\":\"https:\\\/\\\/www.cloudcuckoolandlab.art\\\/wp-content\\\/uploads\\\/2021\\\/10\\\/cropped-cropped-Cloud-Optimiert-1.png\",\"contentUrl\":\"https:\\\/\\\/www.cloudcuckoolandlab.art\\\/wp-content\\\/uploads\\\/2021\\\/10\\\/cropped-cropped-Cloud-Optimiert-1.png\",\"width\":1080,\"height\":780,\"caption\":\"Cloud Cuckooland\"},\"image\":{\"@id\":\"https:\\\/\\\/www.cloudcuckoolandlab.art\\\/#\\\/schema\\\/logo\\\/image\\\/\"}}]}<\/script>\n<!-- \/ Yoast SEO plugin. -->","yoast_head_json":{"title":"About - Cloud Cuckooland","robots":{"index":"index","follow":"follow","max-snippet":"max-snippet:-1","max-image-preview":"max-image-preview:large","max-video-preview":"max-video-preview:-1"},"canonical":"https:\/\/www.cloudcuckoolandlab.art\/en\/","og_locale":"en_GB","og_type":"article","og_title":"About - Cloud Cuckooland","og_description":"YOU ARE HERE: @\/\/\/wolken.kuckucks.heim&nbsp;ist ein interaktives und immersives Ausstellungskonzept f\u00fcr Fotografie mit eigens daf\u00fcr komponierten Soundscapes, da\u00df das Kunsterlebnis des Besuchers in den Mittelpunkt stellt. Es ist in der Bandbreite seiner vielf\u00e4ltigen Facetten [r]evolution\u00e4r und neuartig. Eine Ausstellung ist in Gr\u00f6\u00dfe und Geometrie skalierbar und kann aus derzeit zwei fertig realisierten Themen- und Bilderwelten gestaltet [&hellip;]","og_url":"https:\/\/www.cloudcuckoolandlab.art\/en\/","og_site_name":"Cloud Cuckooland","article_modified_time":"2025-03-28T17:36:52+00:00","twitter_card":"summary_large_image","twitter_misc":{"Estimated reading time":"5 minutes"},"schema":{"@context":"https:\/\/schema.org","@graph":[{"@type":"WebPage","@id":"https:\/\/www.cloudcuckoolandlab.art\/","url":"https:\/\/www.cloudcuckoolandlab.art\/","name":"About - Cloud Cuckooland","isPartOf":{"@id":"https:\/\/www.cloudcuckoolandlab.art\/#website"},"datePublished":"2021-10-20T14:09:02+00:00","dateModified":"2025-03-28T17:36:52+00:00","breadcrumb":{"@id":"https:\/\/www.cloudcuckoolandlab.art\/#breadcrumb"},"inLanguage":"en-GB","potentialAction":[{"@type":"ReadAction","target":["https:\/\/www.cloudcuckoolandlab.art\/"]}]},{"@type":"BreadcrumbList","@id":"https:\/\/www.cloudcuckoolandlab.art\/#breadcrumb","itemListElement":[{"@type":"ListItem","position":1,"name":"Startseite","item":"https:\/\/www.cloudcuckoolandlab.art\/"},{"@type":"ListItem","position":2,"name":"About"}]},{"@type":"WebSite","@id":"https:\/\/www.cloudcuckoolandlab.art\/#website","url":"https:\/\/www.cloudcuckoolandlab.art\/","name":"Cloud Cuckooland","description":"","publisher":{"@id":"https:\/\/www.cloudcuckoolandlab.art\/#organization"},"potentialAction":[{"@type":"SearchAction","target":{"@type":"EntryPoint","urlTemplate":"https:\/\/www.cloudcuckoolandlab.art\/?s={search_term_string}"},"query-input":{"@type":"PropertyValueSpecification","valueRequired":true,"valueName":"search_term_string"}}],"inLanguage":"en-GB"},{"@type":"Organization","@id":"https:\/\/www.cloudcuckoolandlab.art\/#organization","name":"Cloud Cuckooland","url":"https:\/\/www.cloudcuckoolandlab.art\/","logo":{"@type":"ImageObject","inLanguage":"en-GB","@id":"https:\/\/www.cloudcuckoolandlab.art\/#\/schema\/logo\/image\/","url":"https:\/\/www.cloudcuckoolandlab.art\/wp-content\/uploads\/2021\/10\/cropped-cropped-Cloud-Optimiert-1.png","contentUrl":"https:\/\/www.cloudcuckoolandlab.art\/wp-content\/uploads\/2021\/10\/cropped-cropped-Cloud-Optimiert-1.png","width":1080,"height":780,"caption":"Cloud Cuckooland"},"image":{"@id":"https:\/\/www.cloudcuckoolandlab.art\/#\/schema\/logo\/image\/"}}]}},"_links":{"self":[{"href":"https:\/\/www.cloudcuckoolandlab.art\/en\/wp-json\/wp\/v2\/pages\/182","targetHints":{"allow":["GET"]}}],"collection":[{"href":"https:\/\/www.cloudcuckoolandlab.art\/en\/wp-json\/wp\/v2\/pages"}],"about":[{"href":"https:\/\/www.cloudcuckoolandlab.art\/en\/wp-json\/wp\/v2\/types\/page"}],"author":[{"embeddable":true,"href":"https:\/\/www.cloudcuckoolandlab.art\/en\/wp-json\/wp\/v2\/users\/1"}],"replies":[{"embeddable":true,"href":"https:\/\/www.cloudcuckoolandlab.art\/en\/wp-json\/wp\/v2\/comments?post=182"}],"version-history":[{"count":0,"href":"https:\/\/www.cloudcuckoolandlab.art\/en\/wp-json\/wp\/v2\/pages\/182\/revisions"}],"wp:attachment":[{"href":"https:\/\/www.cloudcuckoolandlab.art\/en\/wp-json\/wp\/v2\/media?parent=182"}],"curies":[{"name":"wp","href":"https:\/\/api.w.org\/{rel}","templated":true}]}}